{"id":45,"date":"2023-04-10T20:18:24","date_gmt":"2023-04-10T20:18:24","guid":{"rendered":"https:\/\/yoga-oase-eberle.de\/?page_id=45"},"modified":"2025-11-18T17:47:37","modified_gmt":"2025-11-18T17:47:37","slug":"willkommen-in-der-yoga-oase-eberle","status":"publish","type":"page","link":"https:\/\/yoga-oase-eberle.de\/de_de\/","title":{"rendered":"Willkommen in der Yoga-Oase Eberle"},"content":{"rendered":"\n<h1 class=\"wp-block-heading\"><\/h1>\n\n\n\n<p>Wenn Sie den Alltag hinter sich lassen und Momente der Entspannung erleben m\u00f6chten, sind Sie hier genau richtig. Ich biete Ihnen eine individuelle Auswahl an Yoga-\u00dcbungen an, die ich im Rahmen des Kurses gemeinsam mit Ihnen durchf\u00fchre und anleite. In einem pers\u00f6nlichen Vorgespr\u00e4ch erkundige ich mich nach Ihrer aktuellen k\u00f6rperlichen Situation, um diese in meinen Kursen ber\u00fccksichtigen zu k\u00f6nnen. In kleinen Gruppen mit maximal 8 Teilnehmern erleben Sie eine ausgewogene \u00dcbungseinheit mit einf\u00fchrendem Savasana (Entspannung), Pranayama (Atemtechnik) und vielen verschiedenen Asanas (k\u00f6rperfokussierende \u00dcbungen). Der Aufbau der Kurse entspricht dem Hatha Yoga nach Yesudian, siehe auch <a href=\"https:\/\/yoga-oase-eberle.de\/ueber-yoga\/\" data-type=\"URL\" data-id=\"https:\/\/yoga-oase-eberle.de\/ueber-yoga\/\">\u00dcber<\/a> <a href=\"https:\/\/yoga-oase-eberle.de\/ueber-yoga\/\" data-type=\"URL\" data-id=\"https:\/\/yoga-oase-eberle.de\/ueber-yoga\/\">Yoga<\/a>. Es werden Kurse f\u00fcr gemischte Gruppen (w\/m\/d) sowie Kurse f\u00fcr Senioren angeboten.<\/p>\n\n\n\n<p>Haben Sie fragen? Rufen Sie mich an oder schreiben Sie mir eine E-Mail.<\/p>\n\n\n\n<p>Ich freue mich, Sie in meiner Yoga-Oase pers\u00f6nlich kennen zu lernen.<\/p>\n\n\n\n<p><strong>Wichtig bei allem&nbsp;ist, dass wir K\u00f6rper, Geist und Seele in Einklang bringen!<\/strong><\/p>\n\n\n\n<p><\/p>\n\n\n\n<p><\/p>\n\n\n<div class=\"wp-block-image\">\n<figure class=\"aligncenter size-large is-resized\"><img loading=\"lazy\" decoding=\"async\" width=\"1024\" height=\"681\" src=\"https:\/\/yoga-oase-eberle.de\/wp-content\/uploads\/2023\/04\/DSC02569-2-1024x681.jpg\" alt=\"\" class=\"wp-image-46\" style=\"width:492px;height:327px\" srcset=\"https:\/\/yoga-oase-eberle.de\/wp-content\/uploads\/2023\/04\/DSC02569-2-1024x681.jpg 1024w, https:\/\/yoga-oase-eberle.de\/wp-content\/uploads\/2023\/04\/DSC02569-2-300x199.jpg 300w, https:\/\/yoga-oase-eberle.de\/wp-content\/uploads\/2023\/04\/DSC02569-2-768x510.jpg 768w, https:\/\/yoga-oase-eberle.de\/wp-content\/uploads\/2023\/04\/DSC02569-2-1536x1021.jpg 1536w, https:\/\/yoga-oase-eberle.de\/wp-content\/uploads\/2023\/04\/DSC02569-2-2048x1361.jpg 2048w\" sizes=\"auto, (max-width: 1024px) 100vw, 1024px\" \/><\/figure>\n<\/div>","protected":false},"excerpt":{"rendered":"<p>Wenn Sie den Alltag hinter sich lassen und Momente der Entspannung erleben m\u00f6chten, sind Sie hier genau richtig. Ich biete Ihnen eine individuelle Auswahl an Yoga-\u00dcbungen an, die ich im Rahmen des Kurses gemeinsam mit Ihnen durchf\u00fchre und anleite. In einem pers\u00f6nlichen Vorgespr\u00e4ch erkundige ich mich nach Ihrer aktuellen k\u00f6rperlichen Situation, um diese in meinen<br \/><a class=\"btn btn-tislider blog-readmore\" href=\"https:\/\/yoga-oase-eberle.de\/de_de\/\">Weiterlesen<\/a><\/p>\n","protected":false},"author":1,"featured_media":0,"parent":0,"menu_order":0,"comment_status":"closed","ping_status":"closed","template":"","meta":{"footnotes":""},"class_list":["post-45","page","type-page","status-publish","hentry"],"_links":{"self":[{"href":"https:\/\/yoga-oase-eberle.de\/de_de\/wp-json\/wp\/v2\/pages\/45","targetHints":{"allow":["GET"]}}],"collection":[{"href":"https:\/\/yoga-oase-eberle.de\/de_de\/wp-json\/wp\/v2\/pages"}],"about":[{"href":"https:\/\/yoga-oase-eberle.de\/de_de\/wp-json\/wp\/v2\/types\/page"}],"author":[{"embeddable":true,"href":"https:\/\/yoga-oase-eberle.de\/de_de\/wp-json\/wp\/v2\/users\/1"}],"replies":[{"embeddable":true,"href":"https:\/\/yoga-oase-eberle.de\/de_de\/wp-json\/wp\/v2\/comments?post=45"}],"version-history":[{"count":11,"href":"https:\/\/yoga-oase-eberle.de\/de_de\/wp-json\/wp\/v2\/pages\/45\/revisions"}],"predecessor-version":[{"id":287,"href":"https:\/\/yoga-oase-eberle.de\/de_de\/wp-json\/wp\/v2\/pages\/45\/revisions\/287"}],"wp:attachment":[{"href":"https:\/\/yoga-oase-eberle.de\/de_de\/wp-json\/wp\/v2\/media?parent=45"}],"curies":[{"name":"wp","href":"https:\/\/api.w.org\/{rel}","templated":true}]}}