{"id":21,"date":"2023-04-07T20:15:15","date_gmt":"2023-04-07T20:15:15","guid":{"rendered":"https:\/\/yoga-oase-eberle.de\/?page_id=21"},"modified":"2026-04-12T20:55:31","modified_gmt":"2026-04-12T20:55:31","slug":"kurse","status":"publish","type":"page","link":"https:\/\/yoga-oase-eberle.de\/de_de\/kurse\/","title":{"rendered":"Kurse"},"content":{"rendered":"\n<p>Hier bekommen Sie einen \u00dcberblick \u00fcber mein aktuelles Kursangebot. Der Einstieg ist jederzeit m\u00f6glich. Damit eine entspannte Wohlf\u00fchl-Atmosph\u00e4re entsteht, sind die Kurse auf maximal 8 Teilnehmer beschr\u00e4nkt.<\/p>\n\n\n\n<p>Wochen\u00fcbersicht:<\/p>\n\n\n\n<p>Montag, 18:00 Uhr: Senioren<br><br>Dienstag, 19:00 Uhr: &nbsp;gemischte Gruppe, m\/w\/d<\/p>\n\n\n\n<p>Preise Hatha-Yoga 10er Karte &nbsp;120 \u20ac, beh\u00e4lt 9 Monate G\u00fcltigkeit<\/p>\n\n\n\n<p>eine K\u00fcndigung der 10er Karte ist nur mit ausreichender Begr\u00fcndung (Krankheit, Unfall) m\u00f6glich und f\u00fcr   jede in Anspruch genommene Stunde ist der Einzelpreis von 14 \u20ac zu entrichten und eine              Stornogeb\u00fchr von 8 \u20ac wird f\u00e4llig.<\/p>\n\n\n\n<p class=\"has-text-align-left\">        Stundenpreis 14 \u20ac  <\/p>\n\n\n\n<p>        Einzelstunde ganz individuell auf Sie zugeschnitten 45 \u20ac<\/p>\n\n\n\n<p>Eine Probestunde zum Kennenlernen und Sp\u00fcren der Yoga-Einheit 10 \u20ac<\/p>\n\n\n\n<p>&nbsp; &nbsp; &nbsp; &nbsp;<\/p>\n\n\n\n<p><\/p>\n\n\n\n<p>\u00a0 \u00a0 \u00a0 \u00a0 Yin-Yoga Workshop Samstag, 25.04.2026 um 13.00 Uhr<\/p>\n\n\n\n<p>&nbsp; &nbsp; &nbsp; &nbsp; 30 \u20ac, &nbsp;mit Begleitperson 25 \u20ac pro Person<\/p>\n\n\n<div class=\"wp-block-image\">\n<figure class=\"aligncenter size-large is-resized\"><img loading=\"lazy\" decoding=\"async\" width=\"1024\" height=\"683\" src=\"https:\/\/yoga-oase-eberle.de\/wp-content\/uploads\/2023\/04\/KNS00385-1-1024x683.jpg\" alt=\"\" class=\"wp-image-51\" style=\"width:629px;height:419px\" srcset=\"https:\/\/yoga-oase-eberle.de\/wp-content\/uploads\/2023\/04\/KNS00385-1-1024x683.jpg 1024w, https:\/\/yoga-oase-eberle.de\/wp-content\/uploads\/2023\/04\/KNS00385-1-300x200.jpg 300w, https:\/\/yoga-oase-eberle.de\/wp-content\/uploads\/2023\/04\/KNS00385-1-768x512.jpg 768w, https:\/\/yoga-oase-eberle.de\/wp-content\/uploads\/2023\/04\/KNS00385-1-1536x1024.jpg 1536w, https:\/\/yoga-oase-eberle.de\/wp-content\/uploads\/2023\/04\/KNS00385-1-2048x1366.jpg 2048w\" sizes=\"auto, (max-width: 1024px) 100vw, 1024px\" \/><\/figure>\n<\/div>","protected":false},"excerpt":{"rendered":"<p>Hier bekommen Sie einen \u00dcberblick \u00fcber mein aktuelles Kursangebot. Der Einstieg ist jederzeit m\u00f6glich. Damit eine entspannte Wohlf\u00fchl-Atmosph\u00e4re entsteht, sind die Kurse auf maximal 8 Teilnehmer beschr\u00e4nkt. Wochen\u00fcbersicht: Montag, 18:00 Uhr: Senioren Dienstag, 19:00 Uhr: &nbsp;gemischte Gruppe, m\/w\/d Preise Hatha-Yoga 10er Karte &nbsp;120 \u20ac, beh\u00e4lt 9 Monate G\u00fcltigkeit eine K\u00fcndigung der 10er Karte ist nur<br \/><a class=\"btn btn-tislider blog-readmore\" href=\"https:\/\/yoga-oase-eberle.de\/de_de\/kurse\/\">Weiterlesen<\/a><\/p>\n","protected":false},"author":1,"featured_media":0,"parent":0,"menu_order":0,"comment_status":"closed","ping_status":"closed","template":"","meta":{"footnotes":""},"class_list":["post-21","page","type-page","status-publish","hentry"],"_links":{"self":[{"href":"https:\/\/yoga-oase-eberle.de\/de_de\/wp-json\/wp\/v2\/pages\/21","targetHints":{"allow":["GET"]}}],"collection":[{"href":"https:\/\/yoga-oase-eberle.de\/de_de\/wp-json\/wp\/v2\/pages"}],"about":[{"href":"https:\/\/yoga-oase-eberle.de\/de_de\/wp-json\/wp\/v2\/types\/page"}],"author":[{"embeddable":true,"href":"https:\/\/yoga-oase-eberle.de\/de_de\/wp-json\/wp\/v2\/users\/1"}],"replies":[{"embeddable":true,"href":"https:\/\/yoga-oase-eberle.de\/de_de\/wp-json\/wp\/v2\/comments?post=21"}],"version-history":[{"count":33,"href":"https:\/\/yoga-oase-eberle.de\/de_de\/wp-json\/wp\/v2\/pages\/21\/revisions"}],"predecessor-version":[{"id":300,"href":"https:\/\/yoga-oase-eberle.de\/de_de\/wp-json\/wp\/v2\/pages\/21\/revisions\/300"}],"wp:attachment":[{"href":"https:\/\/yoga-oase-eberle.de\/de_de\/wp-json\/wp\/v2\/media?parent=21"}],"curies":[{"name":"wp","href":"https:\/\/api.w.org\/{rel}","templated":true}]}}