{"id":19,"date":"2023-04-07T19:47:02","date_gmt":"2023-04-07T19:47:02","guid":{"rendered":"https:\/\/yoga-oase-eberle.de\/?page_id=19"},"modified":"2025-11-18T18:13:07","modified_gmt":"2025-11-18T18:13:07","slug":"ueber-mich","status":"publish","type":"page","link":"https:\/\/yoga-oase-eberle.de\/de_de\/ueber-mich\/","title":{"rendered":"\u00dcber mich"},"content":{"rendered":"\n<p><strong>Inge<\/strong><\/p>\n\n\n\n<p>1965 wurde ich in Heidelberg geboren und bin mittlerweile stolze Mutter eines erwachsenen Sohnes. Bevor ich mich zur Yogalehrerin ausbilden lie\u00df, erlernte ich den Beruf der Krankenschwester, den ich etliche Jahre aus\u00fcbte. Durch meine pers\u00f6nlichen t\u00e4glichen Yoga\u00fcbungen verbesserte&nbsp;sich&nbsp;mein physisches und psychisches Wohlbefinden, was mich schlie\u00dflich veranlasste, mein Hobby zum Beruf zu machen. Die Kenntnisse beider Ausbildungen kann ich nun&nbsp;in meinen Kursen hervorragend&nbsp;einbringen und gebe sie&nbsp;von Herzen gerne weiter.&nbsp;In aufbauenden Schulungen bilde ich mich stets weiter, um mir selbst und auch meinen Kursteilnehmern ein&nbsp;breites&nbsp;und fundiertes Yoga-Spektrum bieten zu k\u00f6nnen.<\/p>\n\n\n\n<p><strong>Mein Weg im Yoga<\/strong><\/p>\n\n\n\n<ul class=\"wp-block-list\">\n<li>November 2013: Ausbildung zur Yogalehrerin im&nbsp;PBE&nbsp;(Psychologische Bildung f\u00fcr Erwachsene), Bad Wimpfen<\/li>\n\n\n\n<li>Mai 2015: Ausbildung zur Kinder-Yogalehrerin<\/li>\n\n\n\n<li>Juli 2015: Workshop mit <a href=\"https:\/\/www.hathayoga-heim.de\/\" data-type=\"link\" data-id=\"https:\/\/www.hathayoga-heim.de\/\" target=\"_blank\" rel=\"noreferrer noopener\">Susy Heim<\/a>, spezielle Unterweisung in der sanften Yogapraxis von Selvarajan Yesudian und Elisabeth Haich. Rolf und <a href=\"https:\/\/www.hathayoga-heim.de\/\" data-type=\"link\" data-id=\"https:\/\/www.hathayoga-heim.de\/\" target=\"_blank\" rel=\"noreferrer noopener\">Susy Heim<\/a> waren begeisterte Sch\u00fcler des Yesudian und haben auch lange Jahre seine Yoga-Schule in St. Gallen in der Schweiz weitergef\u00fchrt, nachdem Yesudian sich 1990 zur\u00fcckzog, bzw. ihnen ganz unspektakul\u00e4r in seiner einfachen Art den Schl\u00fcssel f\u00fcr die Yoga-Schule \u00fcbergab.<\/li>\n\n\n\n<li>Februar 2016: Teilnahme an einem Yin-Yoga-Kurs mit besonderer Untermalung durch Klangschalen. Kursleiterin&nbsp;Kerstin Grief&nbsp;und&nbsp;<a href=\"http:\/\/klangmassage-in-hamburg.de\/\">Livia Wichmann.<\/a><\/li>\n\n\n\n<li>M\u00e4rz 2017: Yin-Yoga Ausbildung bei Kerstin Grief<\/li>\n\n\n\n<li>Oktober 2019 Weiterbildung im Kurs Hands-on Adjustments im PBE Bad Wimpfen <\/li>\n\n\n\n<li>November 2025 Workshop und Aufbauseminar in Kundalini, Hatha und Yin Yoga, sowie Tanz in Verbindung mit Yoga bei <a href=\"https:\/\/tanz-yoga-frankfurt.de\/\">https:\/\/tanz-yoga-frankfurt.de\/<\/a><\/li>\n<\/ul>\n\n\n<div class=\"wp-block-image\">\n<figure class=\"aligncenter size-large is-resized\"><img loading=\"lazy\" decoding=\"async\" width=\"681\" height=\"1024\" src=\"https:\/\/yoga-oase-eberle.de\/wp-content\/uploads\/2023\/04\/DSC02568-1-681x1024.jpg\" alt=\"\" class=\"wp-image-55\" style=\"width:380px;height:572px\" srcset=\"https:\/\/yoga-oase-eberle.de\/wp-content\/uploads\/2023\/04\/DSC02568-1-681x1024.jpg 681w, https:\/\/yoga-oase-eberle.de\/wp-content\/uploads\/2023\/04\/DSC02568-1-199x300.jpg 199w, https:\/\/yoga-oase-eberle.de\/wp-content\/uploads\/2023\/04\/DSC02568-1-768x1156.jpg 768w, https:\/\/yoga-oase-eberle.de\/wp-content\/uploads\/2023\/04\/DSC02568-1-1021x1536.jpg 1021w, https:\/\/yoga-oase-eberle.de\/wp-content\/uploads\/2023\/04\/DSC02568-1-1361x2048.jpg 1361w, https:\/\/yoga-oase-eberle.de\/wp-content\/uploads\/2023\/04\/DSC02568-1-scaled.jpg 1701w\" sizes=\"auto, (max-width: 681px) 100vw, 681px\" \/><\/figure>\n<\/div>","protected":false},"excerpt":{"rendered":"<p>Inge 1965 wurde ich in Heidelberg geboren und bin mittlerweile stolze Mutter eines erwachsenen Sohnes. Bevor ich mich zur Yogalehrerin ausbilden lie\u00df, erlernte ich den Beruf der Krankenschwester, den ich etliche Jahre aus\u00fcbte. Durch meine pers\u00f6nlichen t\u00e4glichen Yoga\u00fcbungen verbesserte&nbsp;sich&nbsp;mein physisches und psychisches Wohlbefinden, was mich schlie\u00dflich veranlasste, mein Hobby zum Beruf zu machen. Die Kenntnisse<br \/><a class=\"btn btn-tislider blog-readmore\" href=\"https:\/\/yoga-oase-eberle.de\/de_de\/ueber-mich\/\">Weiterlesen<\/a><\/p>\n","protected":false},"author":1,"featured_media":0,"parent":0,"menu_order":0,"comment_status":"closed","ping_status":"closed","template":"","meta":{"footnotes":""},"class_list":["post-19","page","type-page","status-publish","hentry"],"_links":{"self":[{"href":"https:\/\/yoga-oase-eberle.de\/de_de\/wp-json\/wp\/v2\/pages\/19","targetHints":{"allow":["GET"]}}],"collection":[{"href":"https:\/\/yoga-oase-eberle.de\/de_de\/wp-json\/wp\/v2\/pages"}],"about":[{"href":"https:\/\/yoga-oase-eberle.de\/de_de\/wp-json\/wp\/v2\/types\/page"}],"author":[{"embeddable":true,"href":"https:\/\/yoga-oase-eberle.de\/de_de\/wp-json\/wp\/v2\/users\/1"}],"replies":[{"embeddable":true,"href":"https:\/\/yoga-oase-eberle.de\/de_de\/wp-json\/wp\/v2\/comments?post=19"}],"version-history":[{"count":9,"href":"https:\/\/yoga-oase-eberle.de\/de_de\/wp-json\/wp\/v2\/pages\/19\/revisions"}],"predecessor-version":[{"id":296,"href":"https:\/\/yoga-oase-eberle.de\/de_de\/wp-json\/wp\/v2\/pages\/19\/revisions\/296"}],"wp:attachment":[{"href":"https:\/\/yoga-oase-eberle.de\/de_de\/wp-json\/wp\/v2\/media?parent=19"}],"curies":[{"name":"wp","href":"https:\/\/api.w.org\/{rel}","templated":true}]}}